{"id":8269,"date":"2025-10-21T09:31:37","date_gmt":"2025-10-21T09:31:37","guid":{"rendered":"https:\/\/www.svetkom.si\/mini-one-1-6-2005-illuminated-abs-warning-light\/"},"modified":"2025-12-05T08:52:50","modified_gmt":"2025-12-05T08:52:50","slug":"mini-one-1-6-2005-illuminated-abs-warning-light","status":"publish","type":"page","link":"https:\/\/www.svetkom.si\/en\/autodata\/autodocta\/bmw-mini\/mini-one-1-6-2005-illuminated-abs-warning-light\/","title":{"rendered":"Mini One 1.6, 2005 &#8211; Illuminated ABS Warning Light"},"content":{"rendered":"\t\t<div data-elementor-type=\"wp-page\" data-elementor-id=\"8269\" class=\"elementor elementor-8269 elementor-3004\" data-elementor-post-type=\"page\">\n\t\t\t\t<div class=\"elementor-element elementor-element-e049db0 e-flex e-con-boxed e-con e-parent\" data-id=\"e049db0\" data-element_type=\"container\">\n\t\t\t\t\t<div class=\"e-con-inner\">\n\t\t<div class=\"elementor-element elementor-element-295e208 e-con-full e-flex e-con e-child\" data-id=\"295e208\" data-element_type=\"container\">\n\t\t\t\t<div class=\"elementor-element elementor-element-e0e6bed elementor-widget elementor-widget-heading\" data-id=\"e0e6bed\" data-element_type=\"widget\" data-widget_type=\"heading.default\">\n\t\t\t\t\t<h1 class=\"elementor-heading-title elementor-size-default\">Mini One 1.6, 2005<\/h1>\t\t\t\t<\/div>\n\t\t\t\t<div class=\"elementor-element elementor-element-551fd03 elementor-widget elementor-widget-heading\" data-id=\"551fd03\" data-element_type=\"widget\" data-widget_type=\"heading.default\">\n\t\t\t\t\t<h4 class=\"elementor-heading-title elementor-size-default\">Illuminated ABS Warning Light<\/h4>\t\t\t\t<\/div>\n\t\t\t\t<\/div>\n\t\t<div class=\"elementor-element elementor-element-657efcc e-con-full e-flex e-con e-child\" data-id=\"657efcc\" data-element_type=\"container\">\n\t\t\t\t<div class=\"elementor-element elementor-element-bb342cf round-image elementor-widget elementor-widget-image\" data-id=\"bb342cf\" data-element_type=\"widget\" data-widget_type=\"image.default\">\n\t\t\t\t\t\t\t\t\t\t\t\t\t\t\t<img decoding=\"async\" width=\"193\" height=\"137\" src=\"https:\/\/www.svetkom.si\/wp-content\/uploads\/2025\/10\/bmw-logotip_orig.jpg\" class=\"attachment-medium_large size-medium_large wp-image-8270\" alt=\"\" \/>\t\t\t\t\t\t\t\t\t\t\t\t\t\t\t<\/div>\n\t\t\t\t<\/div>\n\t\t\t\t\t<\/div>\n\t\t\t\t<\/div>\n\t\t<div class=\"elementor-element elementor-element-44f70d4 e-flex e-con-boxed e-con e-parent\" data-id=\"44f70d4\" data-element_type=\"container\">\n\t\t\t\t\t<div class=\"e-con-inner\">\n\t\t\t\t<div class=\"elementor-element elementor-element-5d6e79d elementor-widget elementor-widget-spacer\" data-id=\"5d6e79d\" data-element_type=\"widget\" data-widget_type=\"spacer.default\">\n\t\t\t\t\t\t\t<div class=\"elementor-spacer\">\n\t\t\t<div class=\"elementor-spacer-inner\"><\/div>\n\t\t<\/div>\n\t\t\t\t\t\t<\/div>\n\t\t\t\t\t<\/div>\n\t\t\t\t<\/div>\n\t\t<div class=\"elementor-element elementor-element-4189782 e-flex e-con-boxed e-con e-parent\" data-id=\"4189782\" data-element_type=\"container\">\n\t\t\t\t\t<div class=\"e-con-inner\">\n\t\t\t\t<div class=\"elementor-element elementor-element-5f307e0 elementor-widget elementor-widget-heading\" data-id=\"5f307e0\" data-element_type=\"widget\" data-widget_type=\"heading.default\">\n\t\t\t\t\t<h4 class=\"elementor-heading-title elementor-size-default\">Problem description<\/h4>\t\t\t\t<\/div>\n\t\t\t\t<div class=\"elementor-element elementor-element-73fc814 elementor-widget elementor-widget-text-editor\" data-id=\"73fc814\" data-element_type=\"widget\" data-widget_type=\"text-editor.default\">\n\t\t\t\t\t\t\t\t\t<p><strong>Illuminated ABS Warning Light<br><\/strong>The issue occurs when diagnosing an electrical fault on a 2005 Mini One 1.6 model. The warning lights for ABS, ASR, and handbrake intermittently illuminate, while the tachometer and speedometer needles fluctuate. The fuses have been checked. The diagnostic tool fails to communicate with the ABS system.   <\/p>\t\t\t\t\t\t\t\t<\/div>\n\t\t\t\t\t<\/div>\n\t\t\t\t<\/div>\n\t\t<div class=\"elementor-element elementor-element-907967c e-flex e-con-boxed e-con e-parent\" data-id=\"907967c\" data-element_type=\"container\">\n\t\t\t\t\t<div class=\"e-con-inner\">\n\t\t\t\t<div class=\"elementor-element elementor-element-3386d31 elementor-widget elementor-widget-heading\" data-id=\"3386d31\" data-element_type=\"widget\" data-widget_type=\"heading.default\">\n\t\t\t\t\t<h4 class=\"elementor-heading-title elementor-size-default\">Solution<\/h4>\t\t\t\t<\/div>\n\t\t\t\t\t<\/div>\n\t\t\t\t<\/div>\n\t\t<div class=\"elementor-element elementor-element-15968b5 e-flex e-con-boxed e-con e-parent\" data-id=\"15968b5\" data-element_type=\"container\">\n\t\t\t\t\t<div class=\"e-con-inner\">\n\t\t<div class=\"elementor-element elementor-element-3a2c67e e-con-full e-flex e-con e-child\" data-id=\"3a2c67e\" data-element_type=\"container\">\n\t\t\t\t<div class=\"elementor-element elementor-element-09552e7 elementor-widget elementor-widget-image\" data-id=\"09552e7\" data-element_type=\"widget\" data-widget_type=\"image.default\">\n\t\t\t\t\t\t\t\t\t\t\t\t\t\t\t<img fetchpriority=\"high\" decoding=\"async\" width=\"800\" height=\"480\" src=\"https:\/\/www.svetkom.si\/wp-content\/uploads\/2025\/10\/varovalke-na-vozilu-mini-cooper-one_orig-1024x615.jpg\" class=\"attachment-large size-large wp-image-8272\" alt=\"\" srcset=\"https:\/\/www.svetkom.si\/wp-content\/uploads\/2025\/10\/varovalke-na-vozilu-mini-cooper-one_orig-1024x615.jpg 1024w, https:\/\/www.svetkom.si\/wp-content\/uploads\/2025\/10\/varovalke-na-vozilu-mini-cooper-one_orig-300x180.jpg 300w, https:\/\/www.svetkom.si\/wp-content\/uploads\/2025\/10\/varovalke-na-vozilu-mini-cooper-one_orig-768x461.jpg 768w, https:\/\/www.svetkom.si\/wp-content\/uploads\/2025\/10\/varovalke-na-vozilu-mini-cooper-one_orig.jpg 1265w\" sizes=\"(max-width: 800px) 100vw, 800px\" \/>\t\t\t\t\t\t\t\t\t\t\t\t\t\t\t<\/div>\n\t\t\t\t<\/div>\n\t\t<div class=\"elementor-element elementor-element-d4c642c e-con-full e-flex e-con e-child\" data-id=\"d4c642c\" data-element_type=\"container\">\n\t\t\t\t<div class=\"elementor-element elementor-element-641a2f0 elementor-widget elementor-widget-text-editor\" data-id=\"641a2f0\" data-element_type=\"widget\" data-widget_type=\"text-editor.default\">\n\t\t\t\t\t\t\t\t\t<p><strong>1.  <\/strong> This problem frequently occurs on this model and is caused by cables rubbing against the ABS hydraulic module bracket. It is necessary to inspect the ABS control cables (Figure 1) and repair or replace them if needed. <\/p><p><strong>2.<\/strong> This should resolve the issue. To prevent recurrence, cut the required length of rubber hose and attach it to the ABS hydraulic module bracket (Figure 2). Finally, check the ABS error codes and perform any additional repairs if necessary.  <\/p>\t\t\t\t\t\t\t\t<\/div>\n\t\t\t\t<\/div>\n\t\t\t\t\t<\/div>\n\t\t\t\t<\/div>\n\t\t<div class=\"elementor-element elementor-element-11a14c8 e-flex e-con-boxed e-con e-parent\" data-id=\"11a14c8\" data-element_type=\"container\">\n\t\t\t\t\t<div class=\"e-con-inner\">\n\t\t\t\t\t<\/div>\n\t\t\t\t<\/div>\n\t\t\t\t<\/div>\n\t\t","protected":false},"excerpt":{"rendered":"<p>Mini One 1.6, 2005 Osvetljena opozorilna lu\u010dka za ABS Opis te\u017eave Osvetljena opozorilna lu\u010dka za ABSTe\u017eava se pojavi pri diagnosticiranju elektri\u010dne napake na modelu Mini One 1.6, letnik 2005. Ob\u010dasno se vklju\u010dijo opozorilne lu\u010dke za ABS, ASR in ro\u010dno zavoro kazalca merilnika vrtljajev in hitrosti pa se treseta. Preverjene so bile varovalke. Diagnosti\u010dno orodje ne [&hellip;]<\/p>\n","protected":false},"author":3,"featured_media":0,"parent":8504,"menu_order":0,"comment_status":"closed","ping_status":"closed","template":"elementor_header_footer","meta":{"pagelayer_contact_templates":[],"_pagelayer_content":"","footnotes":""},"class_list":["post-8269","page","type-page","status-publish","hentry"],"_links":{"self":[{"href":"https:\/\/www.svetkom.si\/en\/wp-json\/wp\/v2\/pages\/8269","targetHints":{"allow":["GET"]}}],"collection":[{"href":"https:\/\/www.svetkom.si\/en\/wp-json\/wp\/v2\/pages"}],"about":[{"href":"https:\/\/www.svetkom.si\/en\/wp-json\/wp\/v2\/types\/page"}],"author":[{"embeddable":true,"href":"https:\/\/www.svetkom.si\/en\/wp-json\/wp\/v2\/users\/3"}],"replies":[{"embeddable":true,"href":"https:\/\/www.svetkom.si\/en\/wp-json\/wp\/v2\/comments?post=8269"}],"version-history":[{"count":3,"href":"https:\/\/www.svetkom.si\/en\/wp-json\/wp\/v2\/pages\/8269\/revisions"}],"predecessor-version":[{"id":8274,"href":"https:\/\/www.svetkom.si\/en\/wp-json\/wp\/v2\/pages\/8269\/revisions\/8274"}],"up":[{"embeddable":true,"href":"https:\/\/www.svetkom.si\/en\/wp-json\/wp\/v2\/pages\/8504"}],"wp:attachment":[{"href":"https:\/\/www.svetkom.si\/en\/wp-json\/wp\/v2\/media?parent=8269"}],"curies":[{"name":"wp","href":"https:\/\/api.w.org\/{rel}","templated":true}]}}