{"id":8476,"date":"2025-10-21T11:12:24","date_gmt":"2025-10-21T11:12:24","guid":{"rendered":"https:\/\/www.svetkom.si\/citroen-c-elysee-2013\/"},"modified":"2025-12-05T08:52:51","modified_gmt":"2025-12-05T08:52:51","slug":"citroen-c-elysee-2013","status":"publish","type":"page","link":"https:\/\/www.svetkom.si\/en\/autodata\/autodocta\/citroen\/citroen-c-elysee-2013\/","title":{"rendered":"Citro\u00ebn C-Elysee, 2013"},"content":{"rendered":"\t\t<div data-elementor-type=\"wp-page\" data-elementor-id=\"8476\" class=\"elementor elementor-8476 elementor-3074\" data-elementor-post-type=\"page\">\n\t\t\t\t<div class=\"elementor-element elementor-element-e049db0 e-flex e-con-boxed e-con e-parent\" data-id=\"e049db0\" data-element_type=\"container\">\n\t\t\t\t\t<div class=\"e-con-inner\">\n\t\t<div class=\"elementor-element elementor-element-295e208 e-con-full e-flex e-con e-child\" data-id=\"295e208\" data-element_type=\"container\">\n\t\t\t\t<div class=\"elementor-element elementor-element-e0e6bed elementor-widget elementor-widget-heading\" data-id=\"e0e6bed\" data-element_type=\"widget\" data-widget_type=\"heading.default\">\n\t\t\t\t\t<h1 class=\"elementor-heading-title elementor-size-default\">Citro\u00ebn C-Elysee, 2013<\/h1>\t\t\t\t<\/div>\n\t\t\t\t<div class=\"elementor-element elementor-element-551fd03 elementor-widget elementor-widget-heading\" data-id=\"551fd03\" data-element_type=\"widget\" data-widget_type=\"heading.default\">\n\t\t\t\t\t<h4 class=\"elementor-heading-title elementor-size-default\">Engine Power Loss<\/h4>\t\t\t\t<\/div>\n\t\t\t\t<\/div>\n\t\t<div class=\"elementor-element elementor-element-657efcc e-con-full e-flex e-con e-child\" data-id=\"657efcc\" data-element_type=\"container\">\n\t\t\t\t<div class=\"elementor-element elementor-element-bb342cf round-image elementor-widget elementor-widget-image\" data-id=\"bb342cf\" data-element_type=\"widget\" data-widget_type=\"image.default\">\n\t\t\t\t\t\t\t\t\t\t\t\t\t\t\t<img decoding=\"async\" width=\"193\" height=\"137\" src=\"https:\/\/www.svetkom.si\/wp-content\/uploads\/2025\/10\/citroen-logotip_orig.png\" class=\"attachment-medium_large size-medium_large wp-image-8405\" alt=\"\" \/>\t\t\t\t\t\t\t\t\t\t\t\t\t\t\t<\/div>\n\t\t\t\t<\/div>\n\t\t\t\t\t<\/div>\n\t\t\t\t<\/div>\n\t\t<div class=\"elementor-element elementor-element-44f70d4 e-flex e-con-boxed e-con e-parent\" data-id=\"44f70d4\" data-element_type=\"container\">\n\t\t\t\t\t<div class=\"e-con-inner\">\n\t\t\t\t<div class=\"elementor-element elementor-element-5d6e79d elementor-widget elementor-widget-spacer\" data-id=\"5d6e79d\" data-element_type=\"widget\" data-widget_type=\"spacer.default\">\n\t\t\t\t\t\t\t<div class=\"elementor-spacer\">\n\t\t\t<div class=\"elementor-spacer-inner\"><\/div>\n\t\t<\/div>\n\t\t\t\t\t\t<\/div>\n\t\t\t\t\t<\/div>\n\t\t\t\t<\/div>\n\t\t<div class=\"elementor-element elementor-element-4189782 e-flex e-con-boxed e-con e-parent\" data-id=\"4189782\" data-element_type=\"container\">\n\t\t\t\t\t<div class=\"e-con-inner\">\n\t\t\t\t<div class=\"elementor-element elementor-element-5f307e0 elementor-widget elementor-widget-heading\" data-id=\"5f307e0\" data-element_type=\"widget\" data-widget_type=\"heading.default\">\n\t\t\t\t\t<h4 class=\"elementor-heading-title elementor-size-default\">Problem description<\/h4>\t\t\t\t<\/div>\n\t\t\t\t<div class=\"elementor-element elementor-element-73fc814 elementor-widget elementor-widget-text-editor\" data-id=\"73fc814\" data-element_type=\"widget\" data-widget_type=\"text-editor.default\">\n\t\t\t\t\t\t\t\t\t<p><strong>Engine Power Loss<br><\/strong>The Citro\u00ebn C-Elys\u00e9e 1.6 diesel vehicle engine lacks power. The engine warning light is illuminated. Multiple error codes are stored. Some are related to the turbocharger. Due to the high cost of labor, detailed diagnostics are required.    <\/p>\t\t\t\t\t\t\t\t<\/div>\n\t\t\t\t\t<\/div>\n\t\t\t\t<\/div>\n\t\t<div class=\"elementor-element elementor-element-907967c e-flex e-con-boxed e-con e-parent\" data-id=\"907967c\" data-element_type=\"container\">\n\t\t\t\t\t<div class=\"e-con-inner\">\n\t\t\t\t<div class=\"elementor-element elementor-element-3386d31 elementor-widget elementor-widget-heading\" data-id=\"3386d31\" data-element_type=\"widget\" data-widget_type=\"heading.default\">\n\t\t\t\t\t<h4 class=\"elementor-heading-title elementor-size-default\">Solution<\/h4>\t\t\t\t<\/div>\n\t\t\t\t\t<\/div>\n\t\t\t\t<\/div>\n\t\t<div class=\"elementor-element elementor-element-cabee6f e-flex e-con-boxed e-con e-parent\" data-id=\"cabee6f\" data-element_type=\"container\">\n\t\t\t\t\t<div class=\"e-con-inner\">\n\t\t<div class=\"elementor-element elementor-element-7ecef3a e-con-full e-flex e-con e-child\" data-id=\"7ecef3a\" data-element_type=\"container\">\n\t\t\t\t<div class=\"elementor-element elementor-element-09552e7 elementor-widget elementor-widget-image\" data-id=\"09552e7\" data-element_type=\"widget\" data-widget_type=\"image.default\">\n\t\t\t\t\t\t\t\t\t\t\t\t\t\t\t<img fetchpriority=\"high\" decoding=\"async\" width=\"381\" height=\"229\" src=\"https:\/\/www.svetkom.si\/wp-content\/uploads\/2025\/10\/motor-vozila-citroen-c-elysee_orig.jpg\" class=\"attachment-full size-full wp-image-8477\" alt=\"\" srcset=\"https:\/\/www.svetkom.si\/wp-content\/uploads\/2025\/10\/motor-vozila-citroen-c-elysee_orig.jpg 381w, https:\/\/www.svetkom.si\/wp-content\/uploads\/2025\/10\/motor-vozila-citroen-c-elysee_orig-300x180.jpg 300w\" sizes=\"(max-width: 381px) 100vw, 381px\" \/>\t\t\t\t\t\t\t\t\t\t\t\t\t\t\t<\/div>\n\t\t\t\t<\/div>\n\t\t<div class=\"elementor-element elementor-element-42dc1f6 e-con-full e-flex e-con e-child\" data-id=\"42dc1f6\" data-element_type=\"container\">\n\t\t\t\t<div class=\"elementor-element elementor-element-641a2f0 elementor-widget elementor-widget-text-editor\" data-id=\"641a2f0\" data-element_type=\"widget\" data-widget_type=\"text-editor.default\">\n\t\t\t\t\t\t\t\t\t<strong>1.  <\/strong> The fault occurs in vehicles with 1.6 Diesel engine designation 9HP (DV6DTED4). This is a fault with the turbocharger exhaust regulation valve \u2013 Figure 1. It needs to be repaired or replaced. Exercise caution when adjusting the control rod. Clear the stored error codes. Verify the repair with a test drive.     \t\t\t\t\t\t\t\t<\/div>\n\t\t\t\t<\/div>\n\t\t\t\t\t<\/div>\n\t\t\t\t<\/div>\n\t\t<div class=\"elementor-element elementor-element-11a14c8 e-flex e-con-boxed e-con e-parent\" data-id=\"11a14c8\" data-element_type=\"container\">\n\t\t\t\t\t<div class=\"e-con-inner\">\n\t\t\t\t\t<\/div>\n\t\t\t\t<\/div>\n\t\t\t\t<\/div>\n\t\t","protected":false},"excerpt":{"rendered":"<p>Citro\u00ebn C-Elysee, 2013 Engine Power Loss Problem description Engine Power LossThe Citro\u00ebn C-Elys\u00e9e 1.6 diesel vehicle engine lacks power. The engine warning light is illuminated. Multiple error codes are stored. Some are related to the turbocharger. Due to the high cost of labor, detailed diagnostics are required. Solution 1. The fault occurs in vehicles with [&hellip;]<\/p>\n","protected":false},"author":3,"featured_media":0,"parent":8511,"menu_order":0,"comment_status":"closed","ping_status":"closed","template":"elementor_header_footer","meta":{"pagelayer_contact_templates":[],"_pagelayer_content":"","footnotes":""},"class_list":["post-8476","page","type-page","status-publish","hentry"],"_links":{"self":[{"href":"https:\/\/www.svetkom.si\/en\/wp-json\/wp\/v2\/pages\/8476","targetHints":{"allow":["GET"]}}],"collection":[{"href":"https:\/\/www.svetkom.si\/en\/wp-json\/wp\/v2\/pages"}],"about":[{"href":"https:\/\/www.svetkom.si\/en\/wp-json\/wp\/v2\/types\/page"}],"author":[{"embeddable":true,"href":"https:\/\/www.svetkom.si\/en\/wp-json\/wp\/v2\/users\/3"}],"replies":[{"embeddable":true,"href":"https:\/\/www.svetkom.si\/en\/wp-json\/wp\/v2\/comments?post=8476"}],"version-history":[{"count":1,"href":"https:\/\/www.svetkom.si\/en\/wp-json\/wp\/v2\/pages\/8476\/revisions"}],"predecessor-version":[{"id":8478,"href":"https:\/\/www.svetkom.si\/en\/wp-json\/wp\/v2\/pages\/8476\/revisions\/8478"}],"up":[{"embeddable":true,"href":"https:\/\/www.svetkom.si\/en\/wp-json\/wp\/v2\/pages\/8511"}],"wp:attachment":[{"href":"https:\/\/www.svetkom.si\/en\/wp-json\/wp\/v2\/media?parent=8476"}],"curies":[{"name":"wp","href":"https:\/\/api.w.org\/{rel}","templated":true}]}}